{"id":821,"date":"2018-11-25T13:38:02","date_gmt":"2018-11-25T13:38:02","guid":{"rendered":"http:\/\/weltladen-witzenhausen.de\/wordpress\/?page_id=821"},"modified":"2026-02-08T18:35:34","modified_gmt":"2026-02-08T17:35:34","slug":"impressum","status":"publish","type":"page","link":"https:\/\/weltladen-witzenhausen.de\/wordpress\/impressum\/","title":{"rendered":"Impressum"},"content":{"rendered":"\n<p><strong>Angaben gem\u00e4\u00df \u00a7 5 TMG:<br><br>Anschrift:<\/strong><br><\/p>\n\n\n\n<p>Weltladen Witzenhausen<br>Br\u00fcckenstra\u00dfe 16<br>37213 Witzenhausen<\/p>\n\n\n\n<p><strong>Vereinskonto<\/strong><\/p>\n\n\n\n<p>Arbeitskreis Eine Welt e.V.<br>Sparkasse Werra-Mei\u00dfner<br>IBAN: DE20 5225 0030 0050 0080 51<\/p>\n\n\n\n<p style=\"font-size:14px\">Die Spenden sind steuerlich abzugsf\u00e4hig, da wir ein als gemeinn\u00fctzig anerkannter Verein sind. <br>Eine Spendenquittung wird Ihnen im Jan\/Feb des Folgejahres automatisch zugesandt. <br>Daf\u00fcr geben Sie bitte Ihre vollst\u00e4ndige Adresse an.   <\/p>\n\n\n\n<p><strong>Verantwortlich f\u00fcr den Inhalt nach \u00a7 55 Abs. 2 RStV:<\/strong><\/p>\n\n\n\n<p>Annelene Reese<br>Tel.: 05542\/71505<br>Mail:\u00a0<a href=\"mailto:info@weltladen-witzenhausen.de\" target=\"_blank\" rel=\"noreferrer noopener\">info@weltladen-witzenhausen.de<\/a><br><\/p>\n\n\n\n<p><strong>Vertretungsberechtigter Vorstand:&nbsp;<\/strong><\/p>\n\n\n\n<p>Annelene Reese, Andrea Bulut und Lukas Renke<br>Registergericht:\u00a0Eschwege<br>Registernummer:\u00a0VR 1191<\/p>\n\n\n\n<p><strong>Technische Umsetzung :<\/strong><\/p>\n\n\n\n<p>Ugur Can Tut<br>email: <a>can.de.tl@gmail.com<\/a><strong><br><\/strong><\/p>\n\n\n\n<p><br><strong>\u00a9 Copyright\ufeff<\/strong><br>F\u00fcr die WWW- bzw. Internet-Seiten des Weltladens Witzenhausen liegen Copyright und alle weiteren Rechte f\u00fcr Inhalt und Gestaltung bei dem Weltladen Witzenhausen. Die Weiterverbreitung von Inhalten, auch in Ausz\u00fcgen, f\u00fcr p\u00e4dagogische, wissenschaftliche oder private Zwecke ist unter Angabe der Quelle gestattet, sofern an der entsprechenden Stelle nicht ausdr\u00fccklich anderes angegeben ist. Eine Nutzung des Layouts und des HTML-Quelltextes, auch in abgewandelter Form, bedarf, ebenso wie jegliche Nutzung der WWW- bzw. Internet-Seiten im gewerblichen Bereich, der schriftlichen Genehmigung durch den Weltladen Witzenhausen.<\/p>\n\n\n\n<p><strong>Haftungsausschluss:<\/strong><\/p>\n\n\n\n<p><strong>Haftung f\u00fcr Inhalte<\/strong><br> Die Inhalte unserer Seiten wurden mit gr\u00f6\u00dfter Sorgfalt erstellt. F\u00fcr die Richtigkeit, Vollst\u00e4ndigkeit und Aktualit\u00e4t der Inhalte k\u00f6nnen wir jedoch keine Gew\u00e4hr \u00fcbernehmen. Als Diensteanbieter sind wir gem\u00e4\u00df \u00a7 7 Abs.1 TMG f\u00fcr eigene Inhalte auf diesen Seiten nach den allgemeinen Gesetzen verantwortlich. Nach \u00a7\u00a7 8 bis 10 TMG sind wir als Diensteanbieter jedoch nicht verpflichtet, \u00fcbermittelte oder gespeicherte fremde Informationen zu \u00fcberwachen oder nach Umst\u00e4nden zu forschen, die auf eine rechtswidrige T\u00e4tigkeit hinweisen. Verpflichtungen zur Entfernung oder Sperrung der Nutzung von Informationen nach den allgemeinen Gesetzen bleiben hiervon unber\u00fchrt. Eine diesbez\u00fcgliche Haftung ist jedoch erst ab dem Zeitpunkt der Kenntnis einer konkreten Rechtsverletzung m\u00f6glich. Bei Bekanntwerden von entsprechenden Rechtsverletzungen werden wir diese Inhalte umgehend entfernen.<strong><br><\/strong><\/p>\n\n\n\n<p><strong>Haftung f\u00fcr Links<\/strong><br>Unser Angebot enth\u00e4lt Links zu externen Webseiten Dritter, auf deren Inhalte wir keinen Einfluss haben. Deshalb k\u00f6nnen wir f\u00fcr diese fremden Inhalte auch keine Gew\u00e4hr \u00fcbernehmen. F\u00fcr die Inhalte der verlinkten Seiten ist stets der jeweilige Anbieter oder Betreiber der Seiten verantwortlich. Die verlinkten Seiten wurden zum Zeitpunkt der Verlinkung auf m\u00f6gliche Rechtsverst\u00f6\u00dfe \u00fcberpr\u00fcft. Rechtswidrige Inhalte waren zum Zeitpunkt der Verlinkung nicht erkennbar. Eine permanente inhaltliche Kontrolle der verlinkten Seiten ist jedoch ohne konkrete Anhaltspunkte einer Rechtsverletzung nicht zumutbar. Bei Bekanntwerden von Rechtsverletzungen werden wir derartige Links umgehend entfernen.<\/p>\n\n\n\n<p><strong>Urheberrecht<\/strong><br>Die durch die Seitenbetreiber erstellten Inhalte und Werke auf diesen Seiten unterliegen dem deutschen Urheberrecht. Die Vervielf\u00e4ltigung, Bearbeitung, Verbreitung und jede Art der Verwertung au\u00dferhalb der Grenzen des Urheberrechtes bed\u00fcrfen der schriftlichen Zustimmung des jeweiligen Autors bzw. Erstellers. Downloads und Kopien dieser Seite sind nur f\u00fcr den privaten, nicht kommerziellen Gebrauch gestattet. Soweit die Inhalte auf dieser Seite nicht vom Betreiber erstellt wurden, werden die Urheberrechte Dritter beachtet. Insbesondere werden Inhalte Dritter als solche gekennzeichnet. Sollten Sie trotzdem auf eine Urheberrechtsverletzung aufmerksam werden, bitten wir um einen entsprechenden Hinweis. Bei Bekanntwerden von Rechtsverletzungen werden wir derartige Inhalte umgehend entfernen.<\/p>\n\n\n\n<p><strong>Datenschutzerkl\u00e4rung<\/strong><br>Datenverarbeitung auf dieser InternetseiteDer&nbsp;Arbeitskreis Eine Welt e.V.&nbsp;nimmt den Schutz Ihrer pers\u00f6nlichen Daten sehr ernst und h\u00e4lt sich strikt an die Regeln der Datenschutzgesetze. Personenbezogene Daten werden auf dieser Webseite nur im technisch notwendigen Umfang erhoben. In keinem Fall werden die erhobenen Daten verkauft oder aus anderen Gr\u00fcnden an Dritte weitergegeben. Die nachfolgende Erkl\u00e4rung gibt Ihnen einen \u00dcberblick dar\u00fcber, wie wir diesen Schutz gew\u00e4hrleisten und welche Art von Daten zu welchem Zweck erhoben werden.<br>Der&nbsp;Arbeitskreis Eine Welt e.V.&nbsp;erhebt und speichert automatisch in sog. Server-Logfiles Informationen, die Ihr Browser an uns \u00fcbermittelt. Dies sind: Browsertyp, -version, verwendetes Betriebssystem, Referrer-URL (die zuvor besuchte Seite), Hostname des zugreifenden Rechners (IP-Adresse), und Uhrzeit der Serveranfrage. Diese Daten sind nicht bestimmten Personen zuzuordnen. Eine Zusammenf\u00fchrung dieser Daten mit anderen Datenquellen wird nicht vorgenommen, die Daten werden nach einer statistischen Auswertung gel\u00f6scht.<\/p>\n\n\n\n<p><strong>Auskunftsrecht<\/strong><br>Sie haben das Recht auf Auskunft \u00fcber die bez\u00fcglich Ihrer Person gespeicherten Daten, deren Herkunft und Empf\u00e4nger sowie den Zweck der Datenverarbeitung. Auch bei Fragen, die diese Datenschutzerkl\u00e4rung nicht beantworten konnte, oder wenn Sie zu einem Punkt vertiefende Informationen w\u00fcnschen, der Weltladen Eine welt e.V. gibt Ihnen gern Auskunft \u00fcber die gespeicherten Daten.<\/p>\n\n\n\n<p>Die Nutzung unserer Webseite ist in der Regel ohne Angabe personenbezogener Daten m\u00f6glich. Soweit auf unseren Seiten personenbezogene Daten (beispielsweise Name, Anschrift oder eMail-Adressen) erhoben werden, erfolgt dies, soweit m\u00f6glich, stets auf freiwilliger Basis. Diese Daten werden ohne Ihre ausdr\u00fcckliche Zustimmung nicht an Dritte weitergegeben. Wir weisen darauf hin, dass die Daten\u00fcbertragung im Internet (z.B. bei der Kommunikation per E-Mail) Sicherheitsl\u00fccken aufweisen kann. Ein l\u00fcckenloser Schutz der Daten vor dem Zugriff durch Dritte ist nicht m\u00f6glich. Der Nutzung von im Rahmen der Impressumspflicht ver\u00f6ffentlichten Kontaktdaten durch Dritte zur \u00dcbersendung von nicht ausdr\u00fccklich angeforderter Werbung und Informationsmaterialien wird hiermit ausdr\u00fccklich widersprochen. Die Betreiber der Seiten behalten sich ausdr\u00fccklich rechtliche Schritte im Falle der unverlangten Zusendung von Werbeinformationen, etwa durch Spam-Mails, vor.<br><br><\/p>\n\n\n\n<p>\nWeitere Informationen:\n<a href=\"http:\/\/www.e-recht24.de\/muster-disclaimer.htm\">Quelle: Disclaimer von eRecht24<\/a>, dem Portal zum Internetrecht von <a href=\"http:\/\/www.e-recht24.de\/\" target=\"_blank\" rel=\"noreferrer noopener\">Rechtsanwalt <\/a><a href=\"http:\/\/www.e-recht24.de\/\" target=\"_blank\" rel=\"noreferrer noopener\">S\u00f6ren Siebert<\/a>.\n\n<\/p>\n\n\n\n<p><br><\/p>\n\n\n\n<p><br><\/p>\n","protected":false},"excerpt":{"rendered":"<p>Angaben gem\u00e4\u00df \u00a7 5 TMG: Anschrift: Weltladen WitzenhausenBr\u00fcckenstra\u00dfe 1637213 Witzenhausen Vereinskonto Arbeitskreis Eine Welt e.V.Sparkasse Werra-Mei\u00dfnerIBAN: DE20 5225 0030 0050 0080 51 Die Spenden sind steuerlich abzugsf\u00e4hig, da wir ein als gemeinn\u00fctzig anerkannter Verein sind. Eine Spendenquittung wird Ihnen im&hellip; <\/p>\n","protected":false},"author":1,"featured_media":0,"parent":0,"menu_order":0,"comment_status":"closed","ping_status":"closed","template":"","meta":{"footnotes":""},"class_list":["post-821","page","type-page","status-publish","hentry"],"_links":{"self":[{"href":"https:\/\/weltladen-witzenhausen.de\/wordpress\/wp-json\/wp\/v2\/pages\/821","targetHints":{"allow":["GET"]}}],"collection":[{"href":"https:\/\/weltladen-witzenhausen.de\/wordpress\/wp-json\/wp\/v2\/pages"}],"about":[{"href":"https:\/\/weltladen-witzenhausen.de\/wordpress\/wp-json\/wp\/v2\/types\/page"}],"author":[{"embeddable":true,"href":"https:\/\/weltladen-witzenhausen.de\/wordpress\/wp-json\/wp\/v2\/users\/1"}],"replies":[{"embeddable":true,"href":"https:\/\/weltladen-witzenhausen.de\/wordpress\/wp-json\/wp\/v2\/comments?post=821"}],"version-history":[{"count":13,"href":"https:\/\/weltladen-witzenhausen.de\/wordpress\/wp-json\/wp\/v2\/pages\/821\/revisions"}],"predecessor-version":[{"id":1853,"href":"https:\/\/weltladen-witzenhausen.de\/wordpress\/wp-json\/wp\/v2\/pages\/821\/revisions\/1853"}],"wp:attachment":[{"href":"https:\/\/weltladen-witzenhausen.de\/wordpress\/wp-json\/wp\/v2\/media?parent=821"}],"curies":[{"name":"wp","href":"https:\/\/api.w.org\/{rel}","templated":true}]}}