{"id":803,"date":"2018-11-25T13:10:42","date_gmt":"2018-11-25T13:10:42","guid":{"rendered":"http:\/\/weltladen-witzenhausen.de\/wordpress\/?page_id=803"},"modified":"2025-01-09T12:41:07","modified_gmt":"2025-01-09T11:41:07","slug":"kontakt","status":"publish","type":"page","link":"https:\/\/weltladen-witzenhausen.de\/wordpress\/kontakt\/","title":{"rendered":"Kontakt"},"content":{"rendered":"\n<h5 class=\"wp-block-heading\">Anschrift:<\/h5>\n\n\n\n<p style=\"font-size:18px\">Weltladen Witzenhausen<br>Br\u00fcckenstra\u00dfe 16<br>37213 Witzenhausen <br>Tel.: 0554271505<br>Mail: <em><a rel=\"noreferrer noopener\" href=\"mailto:info@weltladen-witzenhausen.de\" target=\"_blank\">info@weltladen-witzenhausen.de<\/a><\/em><\/p>\n\n\n\n<p><br><\/p>\n\n\n\n<h5 class=\"wp-block-heading\">Spenden f\u00fcr unsere Veranstaltungen, Bildungs- und \u00d6ffentlichkeitsarbeit:<\/h5>\n\n\n\n<p style=\"font-size:18px\">Arbeitskreis Eine Welt e.V.<br>Sparkasse Werra-Mei\u00dfner <br>IBAN: DE20 5225 0030 0050 0080 51<\/p>\n\n\n\n<p style=\"font-size:14px\">Die Spenden sind steuerlich abzugsf\u00e4hig, da wir ein als gemeinn\u00fctzig anerkannter Verein sind. Eine Spendenquittung wird Ihnen im Jan\/Feb des Folgejahres automatisch zugesandt. Daf\u00fcr geben Sie bitte Ihre vollst\u00e4ndige Adresse an. <\/p>\n\n\n\n<h5 class=\"wp-block-heading\"><br>Ansprechpartnerin <br>f\u00fcr Bildungsveranstaltungen:<\/h5>\n\n\n\n<p style=\"font-size:18px\">Sabine Jacobs<br>Tel. 01703202082<br>e-mail: sb.jacobs@web.de<\/p>\n\n\n\n<p><\/p>\n\n\n\n<hr class=\"wp-block-separator has-css-opacity\"\/>\n\n\n\n<p class=\"has-text-align-center\" style=\"font-size:18px\"><br><strong>Anfahrtsberechnung mit Google Maps:<\/strong><\/p>\n\n\n\n<div><iframe loading=\"lazy\" src=\"https:\/\/www.google.com\/maps\/embed?pb=!1m18!1m12!1m3!1d4984.469856174992!2d9.852132309126368!3d51.34359053087995!2m3!1f0!2f0!3f0!3m2!1i1024!2i768!4f13.1!3m3!1m2!1s0x0%3A0x6a6790b53d10b875!2sArbeitskreis+Eine+Welt+e.V.!5e0!3m2!1sde!2sde!4v1452812067735\" allowfullscreen=\"allowfullscreen\" style=\"border: 0px none; display: block; margin-left: auto; margin-right: auto;\" width=\"600\" height=\"450\" frameborder=\"0\"><\/iframe><\/div>\n<div>&nbsp;<\/div>\n\n\n\n<p><\/p>\n","protected":false},"excerpt":{"rendered":"<p>Anschrift: Weltladen WitzenhausenBr\u00fcckenstra\u00dfe 1637213 Witzenhausen Tel.: 0554271505Mail: info@weltladen-witzenhausen.de Spenden f\u00fcr unsere Veranstaltungen, Bildungs- und \u00d6ffentlichkeitsarbeit: Arbeitskreis Eine Welt e.V.Sparkasse Werra-Mei\u00dfner IBAN: DE20 5225 0030 0050 0080 51 Die Spenden sind steuerlich abzugsf\u00e4hig, da wir ein als gemeinn\u00fctzig anerkannter Verein sind.&hellip; <\/p>\n","protected":false},"author":1,"featured_media":0,"parent":0,"menu_order":0,"comment_status":"closed","ping_status":"closed","template":"","meta":{"footnotes":""},"class_list":["post-803","page","type-page","status-publish","hentry"],"_links":{"self":[{"href":"https:\/\/weltladen-witzenhausen.de\/wordpress\/wp-json\/wp\/v2\/pages\/803","targetHints":{"allow":["GET"]}}],"collection":[{"href":"https:\/\/weltladen-witzenhausen.de\/wordpress\/wp-json\/wp\/v2\/pages"}],"about":[{"href":"https:\/\/weltladen-witzenhausen.de\/wordpress\/wp-json\/wp\/v2\/types\/page"}],"author":[{"embeddable":true,"href":"https:\/\/weltladen-witzenhausen.de\/wordpress\/wp-json\/wp\/v2\/users\/1"}],"replies":[{"embeddable":true,"href":"https:\/\/weltladen-witzenhausen.de\/wordpress\/wp-json\/wp\/v2\/comments?post=803"}],"version-history":[{"count":23,"href":"https:\/\/weltladen-witzenhausen.de\/wordpress\/wp-json\/wp\/v2\/pages\/803\/revisions"}],"predecessor-version":[{"id":1842,"href":"https:\/\/weltladen-witzenhausen.de\/wordpress\/wp-json\/wp\/v2\/pages\/803\/revisions\/1842"}],"wp:attachment":[{"href":"https:\/\/weltladen-witzenhausen.de\/wordpress\/wp-json\/wp\/v2\/media?parent=803"}],"curies":[{"name":"wp","href":"https:\/\/api.w.org\/{rel}","templated":true}]}}