{"id":609,"date":"2018-11-19T16:04:05","date_gmt":"2018-11-19T16:04:05","guid":{"rendered":"http:\/\/weltladen-witzenhausen.de\/wordpress\/?page_id=609"},"modified":"2025-01-09T12:38:13","modified_gmt":"2025-01-09T11:38:13","slug":"bildungsarbeit","status":"publish","type":"page","link":"https:\/\/weltladen-witzenhausen.de\/wordpress\/bildungsarbeit\/","title":{"rendered":"Bildungsarbeit"},"content":{"rendered":"\n<h4 class=\"wp-block-heading\"><strong>Angebote<\/strong><\/h4>\n\n\n\n<figure class=\"wp-block-table is-style-stripes\"><table><tbody><tr><td><strong>&#8211;<\/strong><\/td><td>&nbsp;<\/td><td><strong>Erkundungszirkel f\u00fcr Sch\u00fclerInnen und Jugendliche\/KonfirmandInen ab etwa 15 Jahren, der sich an dem Konzept der Stationenarbeit ausrichtet.<\/strong><\/td><\/tr><tr><td><strong>&#8211;<\/strong><\/td><td><\/td><td><strong>Erkundungszirkel f\u00fcr Sch\u00fclerInnen ab 3. Schuljahr<\/strong><\/td><\/tr><tr><td><strong>&#8211;<\/strong><\/td><td><\/td><td><strong>Erkundung des Weltladens f\u00fcr Kinderg\u00e4rten und Sonderschulen mit vielf\u00e4ltigen&nbsp; Methoden<\/strong><\/td><\/tr><tr><td><strong>&#8211;<\/strong><\/td><td><\/td><td><strong>Ein Modul zu Kolonialismus f\u00fcr Sch\u00fclerInnen ab 16 Jahren.<\/strong><br><\/td><\/tr><tr><td><strong>&#8211;<\/strong><\/td><td><\/td><td><strong>Ein Lernkoffer zum Thema <\/strong><br><strong>\u201eKlamotten hipp und chic \u2013 aber auch fair?\u201c <br>(auch zum Ausleihen)<\/strong><\/td><\/tr><tr><td><strong>&#8211;<\/strong><\/td><td><\/td><td><strong>Ein Lernkoffer zum Thema <\/strong><br><strong>\u201eWellness, Fairness, Fitness\u201c <\/strong><br><strong>(auch zum Ausleihen)<\/strong><\/td><\/tr><\/tbody><\/table><\/figure>\n\n\n\n<h4 class=\"wp-block-heading\"><strong>Grundlagen<\/strong><br><\/h4>\n\n\n\n<p style=\"font-size:18px\">Weltl\u00e4den eignen sich wegen der Anschaulichkeit der Produkte, wegen der Authentizit\u00e4t der MitarbeiterInnen und wegen der konkreten Handlungsm\u00f6glichkeiten f\u00fcr KonsumentInnen hervorragend als au\u00dferschulische Lernorte. In der Konvention der Weltl\u00e4den ist Informations- und Bildungsarbeit neben der sozial\u00f6kologischen und \u00f6konomischen Arbeit eine fest verankerte Aufgabe. Die faire Bildungsarbeit ist dem Konzept der Bildung f\u00fcr nachhaltige Entwicklung sowie dem Konzept des Globalen Lernens verpflichtet. Ersteres ist aus dem Konzept der Umweltp\u00e4dagogik hervorgegangen und zielte urspr\u00fcnglich auf \u00f6kologische Nachhaltigkeit. Das Konzept des Globalen Lernens betont die soziale Dimension von globaler Gerechtigkeit und entwickelt didaktisch\/methodische Kriterien. In einer globalisierten Welt nimmt die Komplexit\u00e4t zu, das hei\u00dft die Abh\u00e4ngigkeit der sozialen, \u00f6konomischen, \u00f6kologischen und politischen Faktoren untereinander. Dementsprechend geht es in der Bildungsarbeit nicht darum, das \u201eRichtige\u201c zu lehren, sondern Sch\u00fclerInnen dazu zu verhelfen, sich eigene Gedanken dar\u00fcber zu machen, was das \u201eRichtige\u201c in einem bestimmten Kontext f\u00fcr sie sein kann.<\/p>\n\n\n\n<h4 class=\"wp-block-heading\"><strong>Methoden<\/strong><\/h4>\n\n\n\n<p style=\"font-size:18px\">Der komplexe bildungspolitische Auftrag der Bildungsarbeit verlangt sehr anschauliche und praktische Methoden. Ziel dieser Methoden ist es, die Selbstt\u00e4tigkeit der Sch\u00fclerInnen in einer gestalteten Lernumgebung anzuregen. Insbesondere \u00e4ltere Sch\u00fclerInnen sollten kontr\u00e4re Meinungen kennen lernen, diese abw\u00e4gen k\u00f6nnen, Widerspr\u00fcche aushalten k\u00f6nnen und zu eigenem Handeln finden k\u00f6nnen. <br>Alle Angebote richten sich am Konzept der Stationenarbeit aus, so dass die Kinder bzw. Jugendlichen selbst t\u00e4tig werden k\u00f6nnen. Deneben setzen wir Kurzfilme, Rollenspiel, Gruppenarbeit, Gespr\u00e4ch und Vortrag ein.<\/p>\n\n\n\n<p style=\"font-size:18px\">Ein Beispiel: <br>Eine Erkundung des Weltladens kann so aussehen:<\/p>\n\n\n\n<ul class=\"wp-block-list\">\n<li><strong>Motivation und Aktivierung: Weltverteilungsspiel<\/strong><\/li>\n\n\n\n<li><strong>Rollenspiel: Einf\u00fchrung zum Fairen Handel anhand des Beispiels Schokolade<\/strong><\/li>\n\n\n\n<li><strong>Stationenarbeit<\/strong><\/li>\n<\/ul>\n\n\n\n<ol class=\"wp-block-list\">\n<li><strong>Kakao: Vom Anbau bis zum Verkauf der Schokolade<\/strong><\/li>\n\n\n\n<li><strong>Was ist ein Weltladen?<\/strong><\/li>\n\n\n\n<li><strong>Beispiel f\u00fcr eine Produzentengruppe: Mangobauern auf den Philippinen<\/strong><\/li>\n\n\n\n<li><strong>Produkterkundung im Laden<\/strong><\/li>\n\n\n\n<li><strong>Wen macht die Banane krumm?<\/strong><\/li>\n<\/ol>\n\n\n\n<ul class=\"wp-block-list\">\n<li><strong>Im abschlie\u00dfenden Gespr\u00e4ch werden die Ergebnisse und Eindr\u00fccke der Gruppenarbeit zusammengetragen, reflektiert und kritisch beleuchtet.<\/strong><\/li>\n\n\n\n<li><strong>Ausblick: Hinweis auf das Trans-Fair-Siegel, Infos zur Ausbreitung des Fairen Handels, Einkaufsm\u00f6glichkeiten vor Ort, Macht der KonsumentInnen usw.<\/strong><\/li>\n<\/ul>\n\n\n\n<h4 class=\"wp-block-heading\"><strong>Vernetzung<\/strong><\/h4>\n\n\n\n<p style=\"font-size:18px\">Der Weltladen ist einer von drei au\u00dferschulischen Lernorten im<em> <\/em><a href=\"https:\/\/weltgarten-witzenhausen.de\/startseite\" data-type=\"link\" data-id=\"https:\/\/weltgarten-witzenhausen.de\/startseite\" target=\"_blank\" rel=\"noreferrer noopener\"><em>\u201eZentrum f\u00fcr globales Lernen WeltGarten Witzenhausen<\/em>\u201c<\/a>. Der Weltladen, das Museum und das Tropengew\u00e4chshaus bieten gemeinsam Bildungsveranstaltungen an. Wir folgen dabei dem Ansatz der Bildung f\u00fcr nachhaltige Entwicklung bzw. des globalen Lernens nach dem Orientierungsrahmen f\u00fcr den Lernbereich globale Entwicklung.<\/p>\n\n\n\n<h4 class=\"wp-block-heading\">Kontakt<br><\/h4>\n\n\n\n<p style=\"font-size:18px\">Sabine Jacobs, Tel. 01703202082, e-mail: sb.jacobs@web.de<\/p>\n","protected":false},"excerpt":{"rendered":"<p>Angebote &#8211; &nbsp; Erkundungszirkel f\u00fcr Sch\u00fclerInnen und Jugendliche\/KonfirmandInen ab etwa 15 Jahren, der sich an dem Konzept der Stationenarbeit ausrichtet. &#8211; Erkundungszirkel f\u00fcr Sch\u00fclerInnen ab 3. Schuljahr &#8211; Erkundung des Weltladens f\u00fcr Kinderg\u00e4rten und Sonderschulen mit vielf\u00e4ltigen&nbsp; Methoden &#8211; Ein&hellip; <\/p>\n","protected":false},"author":1,"featured_media":0,"parent":0,"menu_order":0,"comment_status":"closed","ping_status":"closed","template":"","meta":{"footnotes":""},"class_list":["post-609","page","type-page","status-publish","hentry"],"_links":{"self":[{"href":"https:\/\/weltladen-witzenhausen.de\/wordpress\/wp-json\/wp\/v2\/pages\/609","targetHints":{"allow":["GET"]}}],"collection":[{"href":"https:\/\/weltladen-witzenhausen.de\/wordpress\/wp-json\/wp\/v2\/pages"}],"about":[{"href":"https:\/\/weltladen-witzenhausen.de\/wordpress\/wp-json\/wp\/v2\/types\/page"}],"author":[{"embeddable":true,"href":"https:\/\/weltladen-witzenhausen.de\/wordpress\/wp-json\/wp\/v2\/users\/1"}],"replies":[{"embeddable":true,"href":"https:\/\/weltladen-witzenhausen.de\/wordpress\/wp-json\/wp\/v2\/comments?post=609"}],"version-history":[{"count":27,"href":"https:\/\/weltladen-witzenhausen.de\/wordpress\/wp-json\/wp\/v2\/pages\/609\/revisions"}],"predecessor-version":[{"id":1840,"href":"https:\/\/weltladen-witzenhausen.de\/wordpress\/wp-json\/wp\/v2\/pages\/609\/revisions\/1840"}],"wp:attachment":[{"href":"https:\/\/weltladen-witzenhausen.de\/wordpress\/wp-json\/wp\/v2\/media?parent=609"}],"curies":[{"name":"wp","href":"https:\/\/api.w.org\/{rel}","templated":true}]}}