{"id":376,"date":"2018-11-06T19:30:59","date_gmt":"2018-11-06T19:30:59","guid":{"rendered":"http:\/\/weltladen-witzenhausen.de\/wordpress\/?page_id=376"},"modified":"2021-12-12T19:49:17","modified_gmt":"2021-12-12T18:49:17","slug":"labels","status":"publish","type":"page","link":"https:\/\/weltladen-witzenhausen.de\/wordpress\/labels\/","title":{"rendered":"Konvention der Weltl\u00e4den"},"content":{"rendered":"\n<p style=\"font-size:18px\">Inzwischen gibt es 66 (2015) Importgesellschaften, die durch ein Monitoringsystem des Dachverbandes der Weltl\u00e4den f\u00fcr Weltl\u00e4den zugelassen sind. Insgesamt haben wir in Witzenhausen 18 Handelspartner. Kontrolliert werden diese Organisationen nach den Regeln der Konvention der Weltl\u00e4den und nach den Standards der <a href=\"http:\/\/www.fairtrade.de\/index.php\/mID\/3.4.4\/lan\/de\" target=\"_blank\" rel=\"noreferrer noopener\"><em>W<\/em>FTO<\/a>, World Fair Trade Organisation, die sich seit 2009 als Zusammenschluss internationaler Fair-Handels-Akteure um eine einheitliche Bewertung nicht nur einzelner Produkte, sondern auch ganzer Handelsketten bem\u00fcht.<\/p>\n\n\n\n<p style=\"font-size:18px\">F\u00fcr Weltl\u00e4den sind deshalb folgende beiden Labels wichtig:<\/p>\n\n\n\n<div class=\"wp-block-image\"><figure class=\"aligncenter is-resized\"><img loading=\"lazy\" decoding=\"async\" src=\"https:\/\/weltladen-witzenhausen.de\/wordpress\/wp-content\/uploads\/2018\/11\/wtfo.png\" alt=\"\" class=\"wp-image-377\" width=\"221\" height=\"221\" srcset=\"https:\/\/weltladen-witzenhausen.de\/wordpress\/wp-content\/uploads\/2018\/11\/wtfo.png 960w, https:\/\/weltladen-witzenhausen.de\/wordpress\/wp-content\/uploads\/2018\/11\/wtfo-632x632.png 632w, https:\/\/weltladen-witzenhausen.de\/wordpress\/wp-content\/uploads\/2018\/11\/wtfo-768x768.png 768w, https:\/\/weltladen-witzenhausen.de\/wordpress\/wp-content\/uploads\/2018\/11\/wtfo-230x230.png 230w\" sizes=\"auto, (max-width: 221px) 100vw, 221px\" \/><figcaption><a href=\"https:\/\/www.fairtrade.de\/index.php\/mID\/3.4.4\/lan\/de\" target=\"_blank\" rel=\"noreferrer noopener\">WFTO <br>World Fair Trade Organization<\/a><br><\/figcaption><\/figure><\/div>\n\n\n\n<div class=\"wp-block-image\"><figure class=\"aligncenter size-medium is-resized\"><img loading=\"lazy\" decoding=\"async\" src=\"https:\/\/weltladen-witzenhausen.de\/wordpress\/wp-content\/uploads\/2021\/12\/weltladen-wfto-emblem_neu_aufkleber_bis2020.900x0-632x897.jpg\" alt=\"\" class=\"wp-image-1637\" width=\"316\" height=\"449\" srcset=\"https:\/\/weltladen-witzenhausen.de\/wordpress\/wp-content\/uploads\/2021\/12\/weltladen-wfto-emblem_neu_aufkleber_bis2020.900x0-632x897.jpg 632w, https:\/\/weltladen-witzenhausen.de\/wordpress\/wp-content\/uploads\/2021\/12\/weltladen-wfto-emblem_neu_aufkleber_bis2020.900x0-768x1090.jpg 768w, https:\/\/weltladen-witzenhausen.de\/wordpress\/wp-content\/uploads\/2021\/12\/weltladen-wfto-emblem_neu_aufkleber_bis2020.900x0.jpg 900w\" sizes=\"auto, (max-width: 316px) 100vw, 316px\" \/><figcaption><a href=\"https:\/\/www.weltladen.de\/\" target=\"_blank\" rel=\"noreferrer noopener\">FAIRER HANDEL GARANTIERT<br>Dachverband der Weltl\u00e4den<\/a><br><br><\/figcaption><\/figure><\/div>\n\n\n\n<p class=\"has-text-align-left\" style=\"font-size:18px\"><strong>Der Weltladen Witzenhausen f\u00fchrt diese Label seit 2015. <\/strong><br><\/p>\n\n\n\n<p style=\"font-size:18px\">Es wird durch ein Monitoringsystem kontrolliert und beinhaltet Auflagen wie z. B. gegenseitige Lernbesuche der Weltl\u00e4den.<\/p>\n","protected":false},"excerpt":{"rendered":"<p>Inzwischen gibt es 66 (2015) Importgesellschaften, die durch ein Monitoringsystem des Dachverbandes der Weltl\u00e4den f\u00fcr Weltl\u00e4den zugelassen sind. Insgesamt haben wir in Witzenhausen 18 Handelspartner. Kontrolliert werden diese Organisationen nach den Regeln der Konvention der Weltl\u00e4den und nach den Standards&hellip; <\/p>\n","protected":false},"author":1,"featured_media":0,"parent":0,"menu_order":0,"comment_status":"closed","ping_status":"closed","template":"","meta":{"footnotes":""},"class_list":["post-376","page","type-page","status-publish","hentry"],"_links":{"self":[{"href":"https:\/\/weltladen-witzenhausen.de\/wordpress\/wp-json\/wp\/v2\/pages\/376","targetHints":{"allow":["GET"]}}],"collection":[{"href":"https:\/\/weltladen-witzenhausen.de\/wordpress\/wp-json\/wp\/v2\/pages"}],"about":[{"href":"https:\/\/weltladen-witzenhausen.de\/wordpress\/wp-json\/wp\/v2\/types\/page"}],"author":[{"embeddable":true,"href":"https:\/\/weltladen-witzenhausen.de\/wordpress\/wp-json\/wp\/v2\/users\/1"}],"replies":[{"embeddable":true,"href":"https:\/\/weltladen-witzenhausen.de\/wordpress\/wp-json\/wp\/v2\/comments?post=376"}],"version-history":[{"count":14,"href":"https:\/\/weltladen-witzenhausen.de\/wordpress\/wp-json\/wp\/v2\/pages\/376\/revisions"}],"predecessor-version":[{"id":1638,"href":"https:\/\/weltladen-witzenhausen.de\/wordpress\/wp-json\/wp\/v2\/pages\/376\/revisions\/1638"}],"wp:attachment":[{"href":"https:\/\/weltladen-witzenhausen.de\/wordpress\/wp-json\/wp\/v2\/media?parent=376"}],"curies":[{"name":"wp","href":"https:\/\/api.w.org\/{rel}","templated":true}]}}