{"id":260,"date":"2018-11-03T22:20:09","date_gmt":"2018-11-03T22:20:09","guid":{"rendered":"http:\/\/weltladen-witzenhausen.de\/wordpress\/?page_id=260"},"modified":"2021-12-12T19:44:32","modified_gmt":"2021-12-12T18:44:32","slug":"was-ist-fairer-handel","status":"publish","type":"page","link":"https:\/\/weltladen-witzenhausen.de\/wordpress\/was-ist-fairer-handel\/","title":{"rendered":"Was ist Fairer Handel?"},"content":{"rendered":"\n<h6 class=\"wp-block-heading\"><strong>Fairer Handel&#8230;&nbsp;<\/strong><br><\/h6>\n\n\n\n<figure class=\"wp-block-table is-style-stripes\"><table><tbody><tr><td><strong>&#8211;<\/strong> <\/td><td>&nbsp;<br><\/td><td><strong>f\u00f6rdert soziale Gerechtigkeit.<\/strong><\/td><\/tr><tr><td><strong>&#8211;<\/strong> <\/td><td><\/td><td><strong>steht f\u00fcr partnerschaftliche und langfristige Handelsbeziehungen<\/strong><\/td><\/tr><tr><td><strong>&#8211;<\/strong> <\/td><td><\/td><td><strong>erm\u00f6glicht benachteiligten Produzentenfamilien in Afrika, Asien und Lateinamerika einen Marktzugang und damit verbesserte Arbeits- und Lebensbedingungen<\/strong><\/td><\/tr><tr><td><strong>&#8211;<\/strong> <\/td><td><\/td><td><strong>setzt sich f\u00fcr einen schonenden Umgang mit der Natur ein.<\/strong><\/td><\/tr><tr><td><strong>&#8211;<\/strong> <\/td><td><\/td><td><strong>nimmt zu den wirtschaftspolitischen Rahmenbedingungen  im internationalen Handel Stellung.<\/strong><\/td><\/tr><\/tbody><\/table><\/figure>\n\n\n\n<p style=\"font-size:18px\">Detailliert beschrieben ist der Faire Handel in der&nbsp;<br><a href=\"https:\/\/weltladen-witzenhausen.de\/wordpress\/wp-content\/uploads\/2018\/11\/Konvention-der-Weltlaeden_neue-Fassung-seit-17.10.2010.pdf\" target=\"_blank\" rel=\"noreferrer noopener\" aria-label=\"Detailliert beschrieben ist der Faire Handel in der&nbsp;\nKonvention der Weltl\u00e4den.&nbsp;&nbsp; (\u00f6ffnet in neuem Tab)\">Konvention der Weltl\u00e4den<\/a>.&nbsp;&nbsp;<\/p>\n\n\n\n<p><\/p>\n\n\n\n<h6 class=\"wp-block-heading\"><strong>Welche Produkte gibt es Fair gehandelt?<\/strong><\/h6>\n\n\n\n<p style=\"font-size:18px\">Kaffee, Tee, Gew\u00fcrze, Honig, Schokolade und andere S\u00fc\u00dfigkeiten, S\u00e4fte, Bananen, Reis und weitere Lebensmittel, Rosen und Weihnachtssterne, Kunsthandwerk, Textilien, Teppiche und ein fair gehandeltes&nbsp;<a href=\"http:\/\/www.vireo.de\/fairphone\/fairphone\/3758\/fairphone-2\" target=\"_blank\" rel=\"noreferrer noopener\">Smartphone<\/a>&nbsp;und fair gehandelte Computerm\u00e4use. <br><\/p>\n\n\n\n<h6 class=\"wp-block-heading\"><strong>Wo gibt es fair gehandelte Produkte?<\/strong><\/h6>\n\n\n\n<p style=\"font-size:18px\">Bundesweit in \u00fcber 36.000 Superm\u00e4rkten, in Bio- und Naturkostl\u00e4den sowie 800 Weltl\u00e4den, den&nbsp;<a href=\"http:\/\/www.weltladen.de\/\" target=\"_blank\" rel=\"noreferrer noopener\">Fachgesch\u00e4ften f\u00fcr Fairen Handel<\/a>,&nbsp;ebenso im Bereich Sport. Unter anderem&nbsp;<a href=\"http:\/\/www.sportastic.com\/ethic_fussball_fair_trade\/pd\/34\/\" target=\"_blank\" rel=\"noreferrer noopener\">Fu\u00dfb\u00e4lle<\/a> oder auch&nbsp;<a href=\"http:\/\/ethletic.de\/\" target=\"_blank\" rel=\"noreferrer noopener\">Sneaker.<\/a><br><\/p>\n\n\n\n<p style=\"font-size:18px\">Im Internet finden sich zu dem auch zahlreiche Adressen f\u00fcr fair gehandelte\u00a0<a rel=\"noreferrer noopener\" href=\"http:\/\/www.fairtradekleidung.org\/\" target=\"_blank\">Kleidung<\/a>. Auf der Homepage des Dachverbandes findet man eine\u00a0<a rel=\"noreferrer noopener\" href=\"http:\/\/www.weltladen.de\/#Weltladen%20finden\" target=\"_blank\">Suchfunktion<\/a>\u00a0f\u00fcr Weltl\u00e4den in ganz Deutschland.<br>F\u00fcr\u00a0<a rel=\"noreferrer noopener\" href=\"http:\/\/www.kirschenland.de\/die-stadt\/oeklogische-wurzeln\/bio-region-fairtrade-town\/\" target=\"_blank\">Witzenhausen<\/a>\u00a0gibt es einen\u00a0<a href=\"https:\/\/weltladen-witzenhausen.de\/wordpress\/wp-content\/uploads\/2021\/12\/Fairfuehrer_Witzenhausen_2021.pdf\" target=\"_blank\" rel=\"noreferrer noopener\">&#8222;FAIRf\u00fchrer&#8220;<\/a>,\u00a0der alle Gesch\u00e4fte auflistet, die fair gehandelte Produkte f\u00fchren.<br><\/p>\n","protected":false},"excerpt":{"rendered":"<p>Fairer Handel&#8230;&nbsp; &#8211; &nbsp; f\u00f6rdert soziale Gerechtigkeit. &#8211; steht f\u00fcr partnerschaftliche und langfristige Handelsbeziehungen &#8211; erm\u00f6glicht benachteiligten Produzentenfamilien in Afrika, Asien und Lateinamerika einen Marktzugang und damit verbesserte Arbeits- und Lebensbedingungen &#8211; setzt sich f\u00fcr einen schonenden Umgang mit der&hellip; <\/p>\n","protected":false},"author":1,"featured_media":0,"parent":0,"menu_order":0,"comment_status":"closed","ping_status":"closed","template":"","meta":{"footnotes":""},"class_list":["post-260","page","type-page","status-publish","hentry"],"_links":{"self":[{"href":"https:\/\/weltladen-witzenhausen.de\/wordpress\/wp-json\/wp\/v2\/pages\/260","targetHints":{"allow":["GET"]}}],"collection":[{"href":"https:\/\/weltladen-witzenhausen.de\/wordpress\/wp-json\/wp\/v2\/pages"}],"about":[{"href":"https:\/\/weltladen-witzenhausen.de\/wordpress\/wp-json\/wp\/v2\/types\/page"}],"author":[{"embeddable":true,"href":"https:\/\/weltladen-witzenhausen.de\/wordpress\/wp-json\/wp\/v2\/users\/1"}],"replies":[{"embeddable":true,"href":"https:\/\/weltladen-witzenhausen.de\/wordpress\/wp-json\/wp\/v2\/comments?post=260"}],"version-history":[{"count":49,"href":"https:\/\/weltladen-witzenhausen.de\/wordpress\/wp-json\/wp\/v2\/pages\/260\/revisions"}],"predecessor-version":[{"id":1634,"href":"https:\/\/weltladen-witzenhausen.de\/wordpress\/wp-json\/wp\/v2\/pages\/260\/revisions\/1634"}],"wp:attachment":[{"href":"https:\/\/weltladen-witzenhausen.de\/wordpress\/wp-json\/wp\/v2\/media?parent=260"}],"curies":[{"name":"wp","href":"https:\/\/api.w.org\/{rel}","templated":true}]}}