{"id":222,"date":"2018-11-03T19:36:49","date_gmt":"2018-11-03T19:36:49","guid":{"rendered":"http:\/\/weltladen-witzenhausen.de\/wordpress\/?page_id=222"},"modified":"2021-12-12T19:54:06","modified_gmt":"2021-12-12T18:54:06","slug":"vernetzung","status":"publish","type":"page","link":"https:\/\/weltladen-witzenhausen.de\/wordpress\/vernetzung\/","title":{"rendered":"Vernetzung"},"content":{"rendered":"\n<p style=\"font-size:18px\">Der Arbeitskreis Eine Welt kooperiert in Witzenhausen <br>mit dem&nbsp;<a rel=\"noreferrer noopener\" href=\"https:\/\/www.uni-kassel.de\/fb11agrar\/fachgebiete-einrichtungen\/gewaechshaus-fuer-tropische-nutzpflanzen\/startseite.html\" target=\"_blank\">Tropengew\u00e4chshaus<\/a>,&nbsp;<br>mit dem&nbsp;<a rel=\"noreferrer noopener\" href=\"http:\/\/www.ditsl.org\/index.php?lang=de\" target=\"_blank\">DITSL<\/a> (Deutsches Institut f\u00fcr <br>Tropische und Subtropische Landwirtschaft),&nbsp;<br>der Bildungsinitiative&nbsp;<a rel=\"noreferrer noopener\" href=\"http:\/\/www.weltgarten-witzenhausen.de\/\" target=\"_blank\">WeltGarten<\/a>, <br>dem \u00f6rtlichen&nbsp;<a rel=\"noreferrer noopener\" href=\"http:\/\/www.capitolkino.de\/\" target=\"_blank\">Capitol Kino<\/a>, <br>der <a rel=\"noreferrer noopener\" href=\"http:\/\/www.kulturgemeinschaft-witzenhausen.de\/\" target=\"_blank\">Kulturgemeinschaft,<\/a><br>der <a rel=\"noreferrer noopener\" href=\"http:\/\/www.kirschenland.de\/\" target=\"_blank\">Pro Witzenhausen GmbH<\/a>,<br>dem  <a rel=\"noreferrer noopener\" aria-label=\"BNE Nordhessen (\u00f6ffnet in neuem Tab)\" href=\"https:\/\/www.bne-nordhessen.de\/\" target=\"_blank\">BNE Nordhessen<\/a> (Bildung f\u00fcr nachhaltige Entwicklung),<br>den Kirchen, den Schulen,  und der <a rel=\"noreferrer noopener\" href=\"https:\/\/www.witzenhausen.eu\/\" target=\"_blank\">Stadt Witzenhausen<\/a>. <\/p>\n\n\n\n<p style=\"font-size:18px\">Unter Mitwirkung der genannten Organisationen<br>konnte Witzenhausen 2013&nbsp;<strong><a rel=\"noreferrer noopener\" href=\"http:\/\/www.kirschenland.de\/die-stadt\/oeklogische-wurzeln\/bio-region-fairtrade-town\/\" target=\"_blank\">Fair Trade Town<\/a><\/strong>&nbsp;werden.&nbsp;<\/p>\n\n\n\n<p style=\"font-size:18px\">Er ist Mitglied im <a rel=\"noreferrer noopener\" href=\"https:\/\/www.weltladen.de\/\" target=\"_blank\">Dachverband der&nbsp;Weltl\u00e4den<\/a>, <br>dem Verein&nbsp;<a rel=\"noreferrer noopener\" href=\"http:\/\/www.weltladen.de\/hessen\/\" target=\"_blank\">Weltl\u00e4den in Hessen<\/a>, dem&nbsp;<a rel=\"noreferrer noopener\" href=\"http:\/\/www.epn-hessen.de\/\" target=\"_blank\">EPN<\/a>&nbsp;<br>(Entwicklungspolitsches Netzwerk in Hessen), <br>dem&nbsp;<a rel=\"noreferrer noopener\" href=\"http:\/\/www.erlassjahr.de\/\" target=\"_blank\">Erlassjahr.de<\/a>&nbsp;und im \u00f6rtlichen St\u00e4dtepartnerschaftsverein.<\/p>\n\n\n\n<p><\/p>\n\n\n\n<figure class=\"wp-block-image\"><img loading=\"lazy\" decoding=\"async\" width=\"1024\" height=\"576\" src=\"https:\/\/weltladen-witzenhausen.de\/wordpress\/wp-content\/uploads\/2018\/11\/Einne-Stadt-zeigt-sich-fair.jpg\" alt=\"\" class=\"wp-image-223\" srcset=\"https:\/\/weltladen-witzenhausen.de\/wordpress\/wp-content\/uploads\/2018\/11\/Einne-Stadt-zeigt-sich-fair.jpg 1024w, https:\/\/weltladen-witzenhausen.de\/wordpress\/wp-content\/uploads\/2018\/11\/Einne-Stadt-zeigt-sich-fair-300x169.jpg 300w, https:\/\/weltladen-witzenhausen.de\/wordpress\/wp-content\/uploads\/2018\/11\/Einne-Stadt-zeigt-sich-fair-768x432.jpg 768w\" sizes=\"auto, (max-width: 1024px) 100vw, 1024px\" \/><\/figure>\n\n\n\n<p class=\"has-text-align-center has-normal-font-size\">&#8222;Eine Stadt zeigt sich Fair&#8220;&nbsp;<br>Hier&nbsp;k\u00f6nnen Sie den&nbsp;<a href=\"http:\/\/www.hna.de\/lokales\/witzenhausen\/eine-stadt-zeigt-sich-fair-2516624.html\" target=\"_blank\" rel=\"noreferrer noopener\">Artikel der HNA<\/a>&nbsp;zu dieser Aktion lesen.<\/p>\n","protected":false},"excerpt":{"rendered":"<p>Der Arbeitskreis Eine Welt kooperiert in Witzenhausen mit dem&nbsp;Tropengew\u00e4chshaus,&nbsp;mit dem&nbsp;DITSL (Deutsches Institut f\u00fcr Tropische und Subtropische Landwirtschaft),&nbsp;der Bildungsinitiative&nbsp;WeltGarten, dem \u00f6rtlichen&nbsp;Capitol Kino, der Kulturgemeinschaft,der Pro Witzenhausen GmbH,dem BNE Nordhessen (Bildung f\u00fcr nachhaltige Entwicklung),den Kirchen, den Schulen, und der Stadt Witzenhausen. Unter&hellip; <\/p>\n","protected":false},"author":1,"featured_media":0,"parent":0,"menu_order":0,"comment_status":"closed","ping_status":"closed","template":"","meta":{"footnotes":""},"class_list":["post-222","page","type-page","status-publish","hentry"],"_links":{"self":[{"href":"https:\/\/weltladen-witzenhausen.de\/wordpress\/wp-json\/wp\/v2\/pages\/222","targetHints":{"allow":["GET"]}}],"collection":[{"href":"https:\/\/weltladen-witzenhausen.de\/wordpress\/wp-json\/wp\/v2\/pages"}],"about":[{"href":"https:\/\/weltladen-witzenhausen.de\/wordpress\/wp-json\/wp\/v2\/types\/page"}],"author":[{"embeddable":true,"href":"https:\/\/weltladen-witzenhausen.de\/wordpress\/wp-json\/wp\/v2\/users\/1"}],"replies":[{"embeddable":true,"href":"https:\/\/weltladen-witzenhausen.de\/wordpress\/wp-json\/wp\/v2\/comments?post=222"}],"version-history":[{"count":17,"href":"https:\/\/weltladen-witzenhausen.de\/wordpress\/wp-json\/wp\/v2\/pages\/222\/revisions"}],"predecessor-version":[{"id":1642,"href":"https:\/\/weltladen-witzenhausen.de\/wordpress\/wp-json\/wp\/v2\/pages\/222\/revisions\/1642"}],"wp:attachment":[{"href":"https:\/\/weltladen-witzenhausen.de\/wordpress\/wp-json\/wp\/v2\/media?parent=222"}],"curies":[{"name":"wp","href":"https:\/\/api.w.org\/{rel}","templated":true}]}}