{"id":22,"date":"2018-11-01T18:24:03","date_gmt":"2018-11-01T18:24:03","guid":{"rendered":"http:\/\/weltladen-witzenhausen.de\/wordpress\/?page_id=22"},"modified":"2024-01-14T18:20:00","modified_gmt":"2024-01-14T17:20:00","slug":"wir-retten-nicht-die-welt-aber","status":"publish","type":"page","link":"https:\/\/weltladen-witzenhausen.de\/wordpress\/","title":{"rendered":"Wir retten nicht die Welt, aber:"},"content":{"rendered":"\n<p class=\"has-text-align-center\" style=\"font-size:18px\">Wir zeigen eine Handlungsm\u00f6glichkeit auf,<br> wie wir alle dazu beitragen k\u00f6nnen, <br>dass sich die Lebensbedingungen von<br> Kleinbauern und Handwerkern <br>im S\u00fcden unseres Planeten verbessern. <br>Inzwischen werden \u00fcber 1,5 Millionen<br> Handwerker und Kleinbauern <br>durch den Fairen Handel gef\u00f6rdert. <br>Sie k\u00f6nnen ihre Kinder zur Schule schicken, <br>erhalten eine Gesundheitsversorgung <br>sowie eine gerechtere Entlohnung <br>und haben feste Vertr\u00e4ge mit den Handelspartnern.<\/p>\n\n\n\n<p class=\"has-text-align-center\" style=\"font-size:18px\"><br> Entdecken Sie die Welt des Fairen Handels<br> in der <a rel=\"noreferrer noopener\" href=\"https:\/\/goo.gl\/maps\/vw2wS8ELVfJ2\" target=\"_blank\">Br\u00fcckenstra\u00dfe 16<\/a> in Witzenhausen.&nbsp;<br>Wir informieren und beraten Sie gern. <br><\/p>\n\n\n\n<p class=\"has-text-align-center\" style=\"font-size:18px\">Vielen Dank!<br><\/p>\n\n\n\n<p><\/p>\n\n\n\n<hr class=\"wp-block-separator has-css-opacity\"\/>\n\n\n\n<p><\/p>\n\n\n\n<p class=\"has-text-align-center\" style=\"font-size:18px\"><strong>Aus unserem Warenangebot:<\/strong><br><\/p>\n\n\n\n<p class=\"has-text-align-center\" style=\"font-size:18px\"><strong>Kunsthandwerk:<\/strong><br>Recyclingprodukte, Schmuck, Haushaltsgegenst\u00e4nde, T-Shirts,&nbsp;Geschirr,<br>Gl\u00e4ser, Gru\u00dfkarten, handgesch\u00f6pftes Papier (z.B. aus Elefantendung), <br>Schals, Sch\u00fcrzen, Taschen, K\u00f6rbe, H\u00e4ngematten, <br>Kosmetik aus dem Regenwald, R\u00e4ucherst\u00e4bchen, Musikinstrumente, <br>Puto Mayo World Music\u2026<\/p>\n\n\n\n<p class=\"has-text-align-center\" style=\"font-size:18px\"><strong>Lebensmittel: <\/strong><br>Kaffee, Tee, Reis, Quinoa, Bulgur, Bohnen, <br>S\u00fc\u00dfigkeiten, N\u00fcsse, Trockenfr\u00fcchte, <br>Mangoprodukte, Schokolade (z.B. mit Kakao aus Wildsammlung), <br>Pasten, Gew\u00fcrzm\u00fchlen, So\u00dfen, <br>Getr\u00e4nke wie fair gehandeltes Cola, S\u00e4fte, Wein <br>und vieles mehr. (Lebensmittel sind zu 80 % bio-zertifiziert)<br><\/p>\n\n\n\n<p><br><\/p>\n\n\n\n<p><\/p>\n\n\n\n<hr class=\"wp-block-separator has-css-opacity\"\/>\n\n\n\n<p><\/p>\n\n\n\n<blockquote class=\"wp-block-quote has-text-align-center is-style-large is-layout-flow wp-block-quote-is-layout-flow\">\n<p><strong>\u201eZahlt uns einen fairen Preis f\u00fcr unsere Talente, f\u00fcr unsere Rohstoffe, dann werden wir unabh\u00e4ngig sein und zwar physisch, politisch und wirtschaftlich.\u201c<\/strong><br><\/p>\n<cite>Fatou Diome, senegalesische Schriftstellerin, <br>2015 in Berlin<br><br><\/cite><\/blockquote>\n\n\n\n<hr class=\"wp-block-separator has-alpha-channel-opacity\"\/>\n\n\n\n<h2 class=\"wp-block-heading has-text-align-center has-medium-font-size\">Aktuelles<\/h2>\n\n\n<div class=\"wp-block-image is-style-default\">\n<figure class=\"aligncenter size-large\"><img loading=\"lazy\" decoding=\"async\" width=\"1020\" height=\"779\" src=\"https:\/\/weltladen-witzenhausen.de\/wordpress\/wp-content\/uploads\/2023\/10\/Screenshot-2023-10-22-172818-1-1020x779.jpg\" alt=\"\" class=\"wp-image-1793\" srcset=\"https:\/\/weltladen-witzenhausen.de\/wordpress\/wp-content\/uploads\/2023\/10\/Screenshot-2023-10-22-172818-1-1020x779.jpg 1020w, https:\/\/weltladen-witzenhausen.de\/wordpress\/wp-content\/uploads\/2023\/10\/Screenshot-2023-10-22-172818-1-632x482.jpg 632w, https:\/\/weltladen-witzenhausen.de\/wordpress\/wp-content\/uploads\/2023\/10\/Screenshot-2023-10-22-172818-1-768x586.jpg 768w, https:\/\/weltladen-witzenhausen.de\/wordpress\/wp-content\/uploads\/2023\/10\/Screenshot-2023-10-22-172818-1.jpg 1170w\" sizes=\"auto, (max-width: 1020px) 100vw, 1020px\" \/><figcaption class=\"wp-element-caption\">Mehr unter: <a rel=\"noreferrer noopener\" href=\"https:\/\/www.weltladen.de\/aktuelles\/2021-01\/50-jahre-fairer-handel\/\" target=\"_blank\">https:\/\/www.weltladen.de\/aktuelles\/2021-01\/50-jahre-fairer-handel\/<\/a><\/figcaption><\/figure><\/div>\n\n\n<p><\/p>\n\n\n\n<hr class=\"wp-block-separator has-css-opacity\"\/>\n\n\n\n<p class=\"has-text-align-center has-medium-font-size\">Ein hr2 Beitrag zu <a rel=\"noreferrer noopener\" href=\"https:\/\/www.hr2.de\/veranstaltungen\/literaturland\/index.html\" data-type=\"URL\" data-id=\"https:\/\/www.hr2.de\/veranstaltungen\/literaturland\/index.html\" target=\"_blank\">Literaturland Hessen<\/a><br><a href=\"https:\/\/weltladen-witzenhausen.de\/wordpress\/die-sendung-literaturland-hessen\/\" data-type=\"URL\" data-id=\"https:\/\/weltladen-witzenhausen.de\/wordpress\/die-sendung-literaturland-hessen\/\"><strong>Witzenhausen und sein koloniales Erbe<\/strong><\/a><\/p>\n\n\n<div class=\"wp-block-image\">\n<figure class=\"aligncenter size-large\"><a href=\"https:\/\/weltladen-witzenhausen.de\/wordpress\/die-sendung-literaturland-hessen\/\"><img loading=\"lazy\" decoding=\"async\" width=\"1020\" height=\"423\" src=\"https:\/\/weltladen-witzenhausen.de\/wordpress\/wp-content\/uploads\/2020\/12\/Screenshot-2020-12-07-161720-1-1020x423.jpg\" alt=\"\" class=\"wp-image-1436\" srcset=\"https:\/\/weltladen-witzenhausen.de\/wordpress\/wp-content\/uploads\/2020\/12\/Screenshot-2020-12-07-161720-1-1020x423.jpg 1020w, https:\/\/weltladen-witzenhausen.de\/wordpress\/wp-content\/uploads\/2020\/12\/Screenshot-2020-12-07-161720-1-632x262.jpg 632w, https:\/\/weltladen-witzenhausen.de\/wordpress\/wp-content\/uploads\/2020\/12\/Screenshot-2020-12-07-161720-1-768x319.jpg 768w, https:\/\/weltladen-witzenhausen.de\/wordpress\/wp-content\/uploads\/2020\/12\/Screenshot-2020-12-07-161720-1-1536x638.jpg 1536w, https:\/\/weltladen-witzenhausen.de\/wordpress\/wp-content\/uploads\/2020\/12\/Screenshot-2020-12-07-161720-1.jpg 1701w\" sizes=\"auto, (max-width: 1020px) 100vw, 1020px\" \/><\/a><figcaption class=\"wp-element-caption\">Unter anderem mit einem pers\u00f6nlichen Beitrag von Anna Siekmann<\/figcaption><\/figure><\/div>\n\n\n<hr class=\"wp-block-separator has-alpha-channel-opacity\"\/>\n\n\n\n<div class=\"wp-block-columns is-layout-flex wp-container-core-columns-is-layout-9d6595d7 wp-block-columns-is-layout-flex\">\n<div class=\"wp-block-column is-layout-flow wp-block-column-is-layout-flow\">\n<figure class=\"wp-block-image size-large\"><a href=\"https:\/\/www.facebook.com\/weltladenwitzenhausen\" target=\"_blank\" rel=\"noopener\"><img loading=\"lazy\" decoding=\"async\" width=\"391\" height=\"127\" src=\"https:\/\/weltladen-witzenhausen.de\/wordpress\/wp-content\/uploads\/2020\/08\/facebook.png\" alt=\"\" class=\"wp-image-1395\"\/><\/a><\/figure>\n<\/div>\n\n\n\n<div class=\"wp-block-column is-layout-flow wp-block-column-is-layout-flow\">\n<figure class=\"wp-block-image size-large\"><a href=\"https:\/\/www.instagram.com\/weltladen_witzenhausen\/?hl=de\" target=\"_blank\" rel=\"noopener\"><img loading=\"lazy\" decoding=\"async\" width=\"391\" height=\"127\" src=\"https:\/\/weltladen-witzenhausen.de\/wordpress\/wp-content\/uploads\/2020\/12\/Instagram.jpg\" alt=\"\" class=\"wp-image-1461\"\/><\/a><\/figure>\n<\/div>\n<\/div>\n\n\n\n<p><\/p>\n","protected":false},"excerpt":{"rendered":"<p>Wir zeigen eine Handlungsm\u00f6glichkeit auf, wie wir alle dazu beitragen k\u00f6nnen, dass sich die Lebensbedingungen von Kleinbauern und Handwerkern im S\u00fcden unseres Planeten verbessern. Inzwischen werden \u00fcber 1,5 Millionen Handwerker und Kleinbauern durch den Fairen Handel gef\u00f6rdert. Sie k\u00f6nnen ihre&hellip; <\/p>\n","protected":false},"author":1,"featured_media":0,"parent":0,"menu_order":0,"comment_status":"closed","ping_status":"closed","template":"","meta":{"footnotes":""},"class_list":["post-22","page","type-page","status-publish","hentry"],"_links":{"self":[{"href":"https:\/\/weltladen-witzenhausen.de\/wordpress\/wp-json\/wp\/v2\/pages\/22","targetHints":{"allow":["GET"]}}],"collection":[{"href":"https:\/\/weltladen-witzenhausen.de\/wordpress\/wp-json\/wp\/v2\/pages"}],"about":[{"href":"https:\/\/weltladen-witzenhausen.de\/wordpress\/wp-json\/wp\/v2\/types\/page"}],"author":[{"embeddable":true,"href":"https:\/\/weltladen-witzenhausen.de\/wordpress\/wp-json\/wp\/v2\/users\/1"}],"replies":[{"embeddable":true,"href":"https:\/\/weltladen-witzenhausen.de\/wordpress\/wp-json\/wp\/v2\/comments?post=22"}],"version-history":[{"count":210,"href":"https:\/\/weltladen-witzenhausen.de\/wordpress\/wp-json\/wp\/v2\/pages\/22\/revisions"}],"predecessor-version":[{"id":1825,"href":"https:\/\/weltladen-witzenhausen.de\/wordpress\/wp-json\/wp\/v2\/pages\/22\/revisions\/1825"}],"wp:attachment":[{"href":"https:\/\/weltladen-witzenhausen.de\/wordpress\/wp-json\/wp\/v2\/media?parent=22"}],"curies":[{"name":"wp","href":"https:\/\/api.w.org\/{rel}","templated":true}]}}