{"id":208,"date":"2018-11-03T19:18:28","date_gmt":"2018-11-03T19:18:28","guid":{"rendered":"http:\/\/weltladen-witzenhausen.de\/wordpress\/?page_id=208"},"modified":"2026-02-08T18:33:42","modified_gmt":"2026-02-08T17:33:42","slug":"aktivitaeten-des-vereins","status":"publish","type":"page","link":"https:\/\/weltladen-witzenhausen.de\/wordpress\/aktivitaeten-des-vereins\/","title":{"rendered":"Aktivit\u00e4ten des Vereins\ufeff"},"content":{"rendered":"\n<p style=\"font-size:18px\">\u25cf Der Arbeitskreis Eine Welt betreibt den Weltladen, der, bis auf einen Mitarbeiter mit einem 400-Euro Job, von ehrenamtlichen MitarbeiterInnen betreut wird. Verkauft werden zu 98 % Produkte des&nbsp; Fairen Handels (Lebensmittel, Kunstgewerbe, Musikinstrumente, Spielzeug etc.). Der Faire Handel garantiert den ProduzentInnen in den L\u00e4ndern des S\u00fcdens eine ausreichende Entlohnung, Schulbildung f\u00fcr die Kinder, Gesundheitsversorgung und Selbstbestimmung in den Projektbetrieben.<\/p>\n\n\n\n<p style=\"font-size:18px\">\u25cf Er nimmt an den deutschland- und europaweiten&nbsp;<a rel=\"noreferrer noopener\" href=\"https:\/\/weltladen-witzenhausen.de\/wordpress\/kampagnen\" target=\"_blank\">Kampagnen<\/a><br>(Weltladentag, Faire Woche, Weltgebetstag) teil und initiiert Veranstaltungen zu verschiedensten Themen (L\u00e4nder des S\u00fcdens, Weltwirtschaft, Migration, Schuldenerlass, Fairer Handel, Gentechnik, Kinderarbeit usw.).<\/p>\n\n\n\n<p style=\"font-size:18px\">\u25cf Er betreibt seit 1995&nbsp;<a rel=\"noreferrer noopener\" href=\"http:\/\/weltladen-witzenhausen.de\/index.php\/bildungsarbeit\" target=\"_blank\">Bildungsarbeit<\/a><em>&nbsp;<\/em>f\u00fcr Schulklassen und Konfirmandengruppen in Zusammenarbeit mit dem&nbsp;Tropen-gew\u00e4chshaus der Universit\u00e4t Kassel in Witzenhausen. Das daraus entstandene Projekt&nbsp;<a rel=\"noreferrer noopener\" href=\"http:\/\/www.weltgarten-witzenhausen.de\/\" target=\"_blank\">WeltGarten<\/a>&nbsp;ist 2006 als UNESCO-Dekade-Projekt zur Bildung f\u00fcr nachhaltige Entwicklung anerkannt. Dabei geht es um Angebote f\u00fcr ein- bis f\u00fcnft\u00e4gige Bildungsfahrten zu au\u00dferschulischen Lernorten in Witzenhausen. Schulklassen und Jugendgruppen k\u00f6nnen sich im Tropengew\u00e4chshaus, im Weltladen und im V\u00f6lkerkundemuseum komplexe globale Zusammenh\u00e4nge erarbeiten und individuelle Handlungsspielr\u00e4ume kennen lernen.&nbsp;<\/p>\n\n\n\n<p style=\"font-size:18px\">\u25cf Der Arbeitskreis Eine Welt e.V. unterst\u00fctzt finanziell oder durch Veranstaltungen drei <a href=\"https:\/\/weltladen-witzenhausen.de\/wordpress\/projekte-des-vereins\/\">Projekte<\/a><strong>,\u00a0<\/strong>die unter anderem aus Kontakten mit Witzenh\u00e4user Studenten aus dem S\u00fcden entstanden sind.<\/p>\n","protected":false},"excerpt":{"rendered":"<p>\u25cf Der Arbeitskreis Eine Welt betreibt den Weltladen, der, bis auf einen Mitarbeiter mit einem 400-Euro Job, von ehrenamtlichen MitarbeiterInnen betreut wird. Verkauft werden zu 98 % Produkte des&nbsp; Fairen Handels (Lebensmittel, Kunstgewerbe, Musikinstrumente, Spielzeug etc.). Der Faire Handel garantiert&hellip; <\/p>\n","protected":false},"author":1,"featured_media":0,"parent":0,"menu_order":0,"comment_status":"closed","ping_status":"closed","template":"","meta":{"footnotes":""},"class_list":["post-208","page","type-page","status-publish","hentry"],"_links":{"self":[{"href":"https:\/\/weltladen-witzenhausen.de\/wordpress\/wp-json\/wp\/v2\/pages\/208","targetHints":{"allow":["GET"]}}],"collection":[{"href":"https:\/\/weltladen-witzenhausen.de\/wordpress\/wp-json\/wp\/v2\/pages"}],"about":[{"href":"https:\/\/weltladen-witzenhausen.de\/wordpress\/wp-json\/wp\/v2\/types\/page"}],"author":[{"embeddable":true,"href":"https:\/\/weltladen-witzenhausen.de\/wordpress\/wp-json\/wp\/v2\/users\/1"}],"replies":[{"embeddable":true,"href":"https:\/\/weltladen-witzenhausen.de\/wordpress\/wp-json\/wp\/v2\/comments?post=208"}],"version-history":[{"count":22,"href":"https:\/\/weltladen-witzenhausen.de\/wordpress\/wp-json\/wp\/v2\/pages\/208\/revisions"}],"predecessor-version":[{"id":1851,"href":"https:\/\/weltladen-witzenhausen.de\/wordpress\/wp-json\/wp\/v2\/pages\/208\/revisions\/1851"}],"wp:attachment":[{"href":"https:\/\/weltladen-witzenhausen.de\/wordpress\/wp-json\/wp\/v2\/media?parent=208"}],"curies":[{"name":"wp","href":"https:\/\/api.w.org\/{rel}","templated":true}]}}